{"id":53,"date":"2021-05-27T08:47:00","date_gmt":"2021-05-27T08:47:00","guid":{"rendered":"http:\/\/ad-astra.bold-themes.com\/quadrus\/?page_id=53"},"modified":"2025-04-18T14:59:39","modified_gmt":"2025-04-18T12:59:39","slug":"services","status":"publish","type":"page","link":"https:\/\/pmable.co\/sq\/services\/","title":{"rendered":"Sh\u00ebrbimet"},"content":{"rendered":"<p><section id=\"bt_bb_section69ea69c3e841a\" class=\"bt_bb_section bt_bb_layout_boxed_1400 bt_bb_vertical_align_top bt_bb_top_spacing_60 bt_bb_bottom_spacing_60\"   data-bt-override-class=\"null\"><span class=\"bt_bb_overlay\"><\/span><div class=\"bt_bb_port\"><div class=\"bt_bb_cell\"><div class=\"bt_bb_cell_inner\"><div class=\"bt_bb_row\"  data-bt-override-class=\"{}\"><div class=\"bt_bb_row_holder\" ><div  class=\"bt_bb_column col-xl-12 col-xs-12 col-sm-12 col-md-12 col-lg-12 bt_bb_align_left bt_bb_vertical_align_top bt_bb_padding_normal\"  data-width=\"12\" data-bt-override-class=\"{}\"><div class=\"bt_bb_column_content\"><div class=\"bt_bb_column_content_inner\"><div class=\"bt_bb_separator bt_bb_bottom_spacing_60 bt_bb_border_style_none bt_bb_hidden_xs bt_bb_hidden_ms\" data-bt-override-class=\"null\"><\/div><\/div><\/div><\/div><\/div><\/div><div class=\"bt_bb_row bt_bb_row_push_left bt_bb_content_wide bt_bb_row_width_boxed_1200 bt_bb_row_width_boxed  bt_bb_column_gap_20\" style=\"; --column-gap:20px;\" data-bt-override-class=\"{}\"><div class=\"bt_bb_row_holder\" ><div  class=\"bt_bb_column col-xl-12 col-xs-12 col-sm-12 col-md-12 col-lg-12 bt_bb_align_left bt_bb_vertical_align_top bt_bb_padding_normal\" style=\"position: relative;\" data-width=\"12\" data-bt-override-class=\"{&quot;bt_bb_align_&quot;:{&quot;current_class&quot;:&quot;bt_bb_align_left&quot;,&quot;def&quot;:&quot;left&quot;,&quot;xl&quot;:&quot;left&quot;}}\"><div class=\"bt_bb_column_content\"><div class=\"bt_bb_column_content_inner\"><header class=\"bt_bb_headline bt_bb_font_weight_light bt_bb_dash_none bt_bb_dash_type_line bt_bb_dash_color_accent bt_bb_size_huge bt_bb_align_inherit\" data-bt-override-class=\"{&quot;bt_bb_size_&quot;:{&quot;current_class&quot;:&quot;bt_bb_size_huge&quot;,&quot;def&quot;:&quot;huge&quot;,&quot;xl&quot;:&quot;huge&quot;,&quot;sm&quot;:&quot;extralarge&quot;,&quot;xs&quot;:&quot;extralarge&quot;},&quot;bt_bb_align_&quot;:{&quot;current_class&quot;:&quot;bt_bb_align_inherit&quot;,&quot;def&quot;:&quot;inherit&quot;,&quot;xl&quot;:&quot;inherit&quot;}}\"><h3 class=\"bt_bb_headline_tag bt_bb_line_height_1\"><span class=\"bt_bb_headline_content\"><span >\u00c7FAR\u00cb NE <\/span><\/span><\/h3><\/header><header class=\"bt_bb_headline bt_bb_font_weight_600 bt_bb_dash_none bt_bb_dash_type_line bt_bb_dash_color_accent bt_bb_size_large bt_bb_align_inherit\" data-bt-override-class=\"{&quot;bt_bb_size_&quot;:{&quot;current_class&quot;:&quot;bt_bb_size_large&quot;,&quot;def&quot;:&quot;large&quot;,&quot;xl&quot;:&quot;large&quot;},&quot;bt_bb_align_&quot;:{&quot;current_class&quot;:&quot;bt_bb_align_inherit&quot;,&quot;def&quot;:&quot;inherit&quot;,&quot;xl&quot;:&quot;inherit&quot;}}\"><h2 class=\"bt_bb_headline_tag bt_bb_line_height_1\"><span class=\"bt_bb_headline_content\"><span >B\u00cbJM\u00cb N\u00cb PMABLE<\/span><\/span><\/h2><\/header><div class=\"bt_bb_separator bt_bb_top_spacing_normal bt_bb_border_style_none bt_bb_border_color_accent\" data-bt-override-class=\"null\"><\/div><div  class=\"bt_bb_text\" ><\/p>\n<p style=\"text-align: justify\" class=\"translation-block\"><strong>PMable<\/strong> do t'ju ndihmoj\u00eb ta shnd\u00ebrroni <strong>iden\u00eb tuaj t\u00eb projektit<\/strong> n\u00eb nj\u00eb <strong>plan t\u00eb zbatuesh\u00ebm<\/strong>, me proceset dhe mjetet q\u00eb ju nevojiten p\u00ebr t\u00eb arritur q\u00ebllimet tuaja dhe p\u00ebr t\u00eb ruajtur performanc\u00ebn edhe pasi puna jon\u00eb t\u00eb ket\u00eb p\u00ebrfunduar. <strong>Ne ju ndihmojm\u00eb t\u00eb ekzekutoni at\u00eb plan<\/strong>, strategjit\u00eb dhe sinergjin\u00eb e t\u00eb gjith\u00eb punonj\u00ebsve p\u00ebr t\u00eb arritur q\u00ebllimet e projektit tuaj <strong>shpejt<\/strong> dhe <strong>efikas<\/strong>.<\/p>\n<p>\n<\/div><div class=\"bt_bb_separator bt_bb_bottom_spacing_30 bt_bb_border_style_none\" data-bt-override-class=\"null\"><\/div><\/div><\/div><\/div><\/div><\/div><\/div><\/div><\/div><\/section><section id=\"bt_bb_section69ea69c3e8d46\" class=\"bt_bb_section bt_bb_layout_boxed_1400 bt_bb_vertical_align_top bt_bb_top_spacing_ bt_bb_bottom_spacing_medium\"   data-bt-override-class=\"{&quot;bt_bb_top_spacing_&quot;:{&quot;current_class&quot;:&quot;bt_bb_top_spacing_&quot;,&quot;def&quot;:&quot;&quot;,&quot;xl&quot;:&quot;&quot;},&quot;bt_bb_bottom_spacing_&quot;:{&quot;current_class&quot;:&quot;bt_bb_bottom_spacing_medium&quot;,&quot;def&quot;:&quot;medium&quot;,&quot;xl&quot;:&quot;medium&quot;}}\"><span class=\"bt_bb_overlay\"><\/span><div class=\"bt_bb_port\"><div class=\"bt_bb_cell\"><div class=\"bt_bb_cell_inner\"><div class=\"bt_bb_row\"  data-bt-override-class=\"{}\"><div class=\"bt_bb_row_holder\" ><div  class=\"bt_bb_column col-xl-4 col-xs-12 col-sm-12 col-md-12 col-lg-4 bt_bb_align_center bt_bb_vertical_align_top bt_bb_padding_normal\"  data-width=\"4\" data-bt-override-class=\"{}\"><div class=\"bt_bb_column_content\"><div class=\"bt_bb_column_content_inner\"><div class=\"bt_bb_separator bt_bb_bottom_spacing_normal bt_bb_border_style_none\" data-bt-override-class=\"null\"><\/div><div data-bb-version=\"5.0.3\" class=\"bt_bb_image bt_bb_shape_hard_rounded bt_bb_align_inherit bt_bb_hover_style_flip bt_bb_content_display_always bt_bb_content_align_middle bt_bb_remove_padding_yes bt_bb_fill_background_color_full\" data-bt-override-class=\"{&quot;bt_bb_align_&quot;:{&quot;current_class&quot;:&quot;bt_bb_align_inherit&quot;,&quot;def&quot;:&quot;inherit&quot;}}\"><a href=\"https:\/\/pmable.co\/sq\/training-b2b-b2c\/\"  target=\"_self\" title=\"Trajnim PM B2B dhe B2C\"><img decoding=\"async\" src=\"https:\/\/pmable.co\/wp-content\/uploads\/2025\/04\/Untitled-design-22-320x320.png\" data-full_image_src=\"https:\/\/pmable.co\/wp-content\/uploads\/2025\/04\/Untitled-design-22.png\"  title=\"Trajnim PM B2B dhe B2C\" alt=\"PM Training B2B &amp; B2C\"><\/a><\/div><div class=\"bt_bb_separator bt_bb_bottom_spacing_medium bt_bb_border_style_none\" data-bt-override-class=\"null\"><\/div><header class=\"bt_bb_headline bt_bb_font_weight_thin bt_bb_dash_none bt_bb_dash_type_line bt_bb_dash_color_accent bt_bb_size_normal bt_bb_subheadline bt_bb_align_inherit\" data-bt-override-class=\"{&quot;bt_bb_size_&quot;:{&quot;current_class&quot;:&quot;bt_bb_size_normal&quot;,&quot;def&quot;:&quot;normal&quot;,&quot;xl&quot;:&quot;normal&quot;},&quot;bt_bb_align_&quot;:{&quot;current_class&quot;:&quot;bt_bb_align_inherit&quot;,&quot;def&quot;:&quot;inherit&quot;,&quot;xl&quot;:&quot;inherit&quot;}}\"><h1 class=\"bt_bb_headline_tag\"><span class=\"bt_bb_headline_content\"><span ><a href=\"https:\/\/pmable.co\/sq\/pm-training-b2b-b2c\/\" target=\"_self\" title=\"Trajnim PM B2B dhe B2C\">Trajnim PM B2B dhe B2C<\/a><\/span><\/span><\/h1><div class=\"bt_bb_headline_subheadline\">Plot\u00ebson boshll\u00ebkun e njohurive p\u00ebr menaxhimin e projekteve midis an\u00ebtar\u00ebve t\u00eb ekipit dhe ofron nj\u00eb qasje t\u00eb q\u00ebndrueshme.<\/div><\/header><\/div><\/div><\/div><div  class=\"bt_bb_column col-xl-4 col-xs-12 col-sm-12 col-md-12 col-lg-4 bt_bb_align_center bt_bb_vertical_align_top bt_bb_padding_normal\"  data-width=\"4\" data-bt-override-class=\"{}\"><div class=\"bt_bb_column_content\"><div class=\"bt_bb_column_content_inner\"><div class=\"bt_bb_separator bt_bb_bottom_spacing_normal bt_bb_border_style_none\" data-bt-override-class=\"null\"><\/div><div data-bb-version=\"5.0.3\" class=\"bt_bb_image bt_bb_shape_hard_rounded bt_bb_align_inherit bt_bb_hover_style_flip bt_bb_content_display_always bt_bb_content_align_middle bt_bb_remove_padding_yes bt_bb_fill_background_color_full\" data-bt-override-class=\"{&quot;bt_bb_align_&quot;:{&quot;current_class&quot;:&quot;bt_bb_align_inherit&quot;,&quot;def&quot;:&quot;inherit&quot;}}\"><a href=\"https:\/\/pmable.co\/sq\/pm-consultancy\/\"  target=\"_self\" title=\"consultancy\"><img decoding=\"async\" src=\"https:\/\/pmable.co\/wp-content\/uploads\/2025\/04\/Untitled-design-31-320x320.png\" data-full_image_src=\"https:\/\/pmable.co\/wp-content\/uploads\/2025\/04\/Untitled-design-31.png\"  title=\"consultancy\" alt=\"consultancy\"><\/a><\/div><div class=\"bt_bb_separator bt_bb_bottom_spacing_medium bt_bb_border_style_none\" data-bt-override-class=\"null\"><\/div><header class=\"bt_bb_headline bt_bb_font_weight_thin bt_bb_dash_none bt_bb_dash_type_line bt_bb_dash_color_accent bt_bb_size_normal bt_bb_subheadline bt_bb_align_inherit\" data-bt-override-class=\"{&quot;bt_bb_size_&quot;:{&quot;current_class&quot;:&quot;bt_bb_size_normal&quot;,&quot;def&quot;:&quot;normal&quot;,&quot;xl&quot;:&quot;normal&quot;},&quot;bt_bb_align_&quot;:{&quot;current_class&quot;:&quot;bt_bb_align_inherit&quot;,&quot;def&quot;:&quot;inherit&quot;,&quot;xl&quot;:&quot;inherit&quot;}}\"><h1 class=\"bt_bb_headline_tag\"><span class=\"bt_bb_headline_content\"><span ><a href=\"https:\/\/pmable.co\/sq\/pm-consultancy\/\" target=\"_self\" title=\"Konsulenc\u00eb p\u00ebr Project Managment\">Konsulenc\u00eb p\u00ebr Project Managment<\/a><\/span><\/span><\/h1><div class=\"bt_bb_headline_subheadline\">Ne kemi aft\u00ebsin\u00eb unike p\u00ebr t\u00eb ofruar zgjidhje konsulence p\u00ebr PM q\u00eb u nevojiten p\u00ebr t\u00eb arritur q\u00ebllimet e projektit tuaj.<\/div><\/header><\/div><\/div><\/div><div  class=\"bt_bb_column col-xl-4 col-xs-12 col-sm-12 col-md-12 col-lg-4 bt_bb_align_center bt_bb_vertical_align_top bt_bb_padding_normal\"  data-width=\"4\" data-bt-override-class=\"{}\"><div class=\"bt_bb_column_content\"><div class=\"bt_bb_column_content_inner\"><div class=\"bt_bb_separator bt_bb_bottom_spacing_normal bt_bb_border_style_none\" data-bt-override-class=\"null\"><\/div><div data-bb-version=\"5.0.3\" class=\"bt_bb_image bt_bb_shape_hard_rounded bt_bb_align_inherit bt_bb_hover_style_flip bt_bb_content_display_always bt_bb_content_align_middle bt_bb_remove_padding_yes bt_bb_fill_background_color_full\" data-bt-override-class=\"{&quot;bt_bb_align_&quot;:{&quot;current_class&quot;:&quot;bt_bb_align_inherit&quot;,&quot;def&quot;:&quot;inherit&quot;}}\"><a href=\"https:\/\/pmable.co\/sq\/staff-leasing\/\"  target=\"_self\" title=\"staff leasing\"><img decoding=\"async\" src=\"https:\/\/pmable.co\/wp-content\/uploads\/2025\/04\/Untitled-design-42-320x320.png\" data-full_image_src=\"https:\/\/pmable.co\/wp-content\/uploads\/2025\/04\/Untitled-design-42.png\"  title=\"staff leasing\" alt=\"staff leasing\"><\/a><\/div><div class=\"bt_bb_separator bt_bb_bottom_spacing_medium bt_bb_border_style_none\" data-bt-override-class=\"null\"><\/div><header class=\"bt_bb_headline bt_bb_font_weight_thin bt_bb_dash_none bt_bb_dash_type_line bt_bb_dash_color_accent bt_bb_size_normal bt_bb_subheadline bt_bb_align_inherit\" data-bt-override-class=\"{&quot;bt_bb_size_&quot;:{&quot;current_class&quot;:&quot;bt_bb_size_normal&quot;,&quot;def&quot;:&quot;normal&quot;,&quot;xl&quot;:&quot;normal&quot;},&quot;bt_bb_align_&quot;:{&quot;current_class&quot;:&quot;bt_bb_align_inherit&quot;,&quot;def&quot;:&quot;inherit&quot;,&quot;xl&quot;:&quot;inherit&quot;}}\"><h1 class=\"bt_bb_headline_tag\"><span class=\"bt_bb_headline_content\"><span ><a href=\"https:\/\/pmable.co\/sq\/staff-leasing\/\" target=\"_self\" title=\"Staff Leasing\">Staff Leasing<\/a><\/span><\/span><\/h1><div class=\"bt_bb_headline_subheadline\">Konsulent\u00ebt tan\u00eb jan\u00eb t\u00eb p\u00ebrkushtuar ndaj suksesit, integrohen pa probleme n\u00eb ekipet tuaja, duke p\u00ebrdorur aft\u00ebsit\u00eb e tyre udh\u00ebheq\u00ebse.<\/div><\/header><\/div><\/div><\/div><\/div><\/div><\/div><\/div><\/div><\/section><section id=\"bt_bb_section69ea69c3ea88e\" class=\"bt_bb_section bt_bb_layout_boxed_1400 bt_bb_vertical_align_top bt_bb_top_spacing_medium bt_bb_bottom_spacing_medium\" style=\";background-color:rgb(15,15,15);\"  data-bt-override-class=\"{&quot;bt_bb_top_spacing_&quot;:{&quot;current_class&quot;:&quot;bt_bb_top_spacing_medium&quot;,&quot;def&quot;:&quot;medium&quot;,&quot;xl&quot;:&quot;medium&quot;},&quot;bt_bb_bottom_spacing_&quot;:{&quot;current_class&quot;:&quot;bt_bb_bottom_spacing_medium&quot;,&quot;def&quot;:&quot;medium&quot;,&quot;xl&quot;:&quot;medium&quot;}}\"><span class=\"bt_bb_overlay\"><\/span><div class=\"bt_bb_port\"><div class=\"bt_bb_cell\"><div class=\"bt_bb_cell_inner\"><div class=\"bt_bb_row\"  data-bt-override-class=\"{}\"><div class=\"bt_bb_row_holder\" ><div  class=\"bt_bb_column col-xl-6 col-xs-12 col-sm-6 col-md-6 col-lg-6 bt_bb_align_left bt_bb_vertical_align_top bt_bb_padding_normal\"  data-width=\"6\" data-bt-override-class=\"{&quot;bt_bb_align_&quot;:{&quot;current_class&quot;:&quot;bt_bb_align_left&quot;,&quot;def&quot;:&quot;left&quot;,&quot;xl&quot;:&quot;left&quot;},&quot;bt_bb_padding_&quot;:{&quot;current_class&quot;:&quot;bt_bb_padding_normal&quot;,&quot;def&quot;:&quot;normal&quot;,&quot;xl&quot;:&quot;normal&quot;}}\"><div class=\"bt_bb_column_content\"><div class=\"bt_bb_column_content_inner\"><div class=\"bt_bb_separator bt_bb_bottom_spacing_30 bt_bb_border_style_none bt_bb_hidden_xs bt_bb_hidden_ms bt_bb_hidden_sm\" data-bt-override-class=\"null\"><\/div><div class=\"bt_bb_separator bt_bb_bottom_spacing_60 bt_bb_border_style_none\" data-bt-override-class=\"null\"><\/div><header class=\"bt_bb_headline bt_bb_font_weight_light bt_bb_dash_none bt_bb_dash_type_line bt_bb_dash_color_accent bt_bb_size_huge bt_bb_align_inherit\" data-bt-override-class=\"{&quot;bt_bb_size_&quot;:{&quot;current_class&quot;:&quot;bt_bb_size_huge&quot;,&quot;def&quot;:&quot;huge&quot;,&quot;xl&quot;:&quot;huge&quot;,&quot;sm&quot;:&quot;extralarge&quot;,&quot;xs&quot;:&quot;extralarge&quot;},&quot;bt_bb_align_&quot;:{&quot;current_class&quot;:&quot;bt_bb_align_inherit&quot;,&quot;def&quot;:&quot;inherit&quot;,&quot;xl&quot;:&quot;inherit&quot;}}\"><h3 class=\"bt_bb_headline_tag bt_bb_line_height_1\"><span class=\"bt_bb_headline_content\"><span >Rezervoni <\/span><\/span><\/h3><\/header><header class=\"bt_bb_headline bt_bb_font_weight_600 bt_bb_dash_none bt_bb_dash_type_line bt_bb_dash_color_accent bt_bb_size_large bt_bb_subheadline bt_bb_align_inherit\" data-bt-override-class=\"{&quot;bt_bb_size_&quot;:{&quot;current_class&quot;:&quot;bt_bb_size_large&quot;,&quot;def&quot;:&quot;large&quot;,&quot;xl&quot;:&quot;large&quot;},&quot;bt_bb_align_&quot;:{&quot;current_class&quot;:&quot;bt_bb_align_inherit&quot;,&quot;def&quot;:&quot;inherit&quot;,&quot;xl&quot;:&quot;inherit&quot;}}\"><h2 class=\"bt_bb_headline_tag bt_bb_line_height_1\"><span class=\"bt_bb_headline_content\"><span >nj\u00eb Konsult Falas<br \/><br \/>\n<\/span><\/span><\/h2><div class=\"bt_bb_headline_subheadline\">PMable nuk konsiston vet\u00ebm n\u00eb dh\u00ebnien e nj\u00eb plani, nj\u00eb trajnimi ose dh\u00ebnien me staf leasing dhe largimin. Ne kemi p\u00ebrvoj\u00eb t\u00eb larmishme n\u00eb industri p\u00ebr t\u00eb sjell\u00eb kombinimin e duhur t\u00eb njohurive, mjeteve dhe teknikave n\u00eb \u00e7do projekt, konsulenc\u00eb ose trajnim, p\u00ebr t'u ofruar t\u00eb gjith\u00eb klient\u00ebve tan\u00eb rezultate t\u00eb suksesshme.<\/div><\/header><div class=\"bt_bb_separator bt_bb_bottom_spacing_30 bt_bb_border_style_none bt_bb_hidden_xs bt_bb_hidden_ms bt_bb_hidden_sm\" data-bt-override-class=\"null\"><\/div><div class=\"bt_bb_separator bt_bb_bottom_spacing_30 bt_bb_border_style_none\" data-bt-override-class=\"null\"><\/div><div class=\"bt_bb_contact_form_7 bt_bb_submit_button_style_accent bt_bb_submit_button_size_normal bt_bb_submit_button_alignment_right bt_bb_input_fields_style_outline bt_bb_background_transparent_light\">\n<div class=\"wpcf7 no-js\" id=\"wpcf7-f2808-o1\" lang=\"en-US\" dir=\"ltr\" data-wpcf7-id=\"2808\">\n<div class=\"screen-reader-response\"><p role=\"status\" aria-live=\"polite\" aria-atomic=\"true\"><\/p> <ul><\/ul><\/div>\n<form action=\"\/sq\/wp-json\/wp\/v2\/pages\/53#wpcf7-f2808-o1\" method=\"post\" class=\"wpcf7-form init\" aria-label=\"Contact form\" novalidate=\"novalidate\" data-status=\"init\" data-trp-original-action=\"\/sq\/wp-json\/wp\/v2\/pages\/53#wpcf7-f2808-o1\">\n<fieldset class=\"hidden-fields-container\"><input type=\"hidden\" name=\"_wpcf7\" value=\"2808\" \/><input type=\"hidden\" name=\"_wpcf7_version\" value=\"6.1.5\" \/><input type=\"hidden\" name=\"_wpcf7_locale\" value=\"en_US\" \/><input type=\"hidden\" name=\"_wpcf7_unit_tag\" value=\"wpcf7-f2808-o1\" \/><input type=\"hidden\" name=\"_wpcf7_container_post\" value=\"0\" \/><input type=\"hidden\" name=\"_wpcf7_posted_data_hash\" value=\"\" \/>\n<\/fieldset>\n<div class=\"bt_bb_cf7_form\">\n\t<div class=\"bt_bb_cf7_row\">\n\t\t<div class=\"bt_bb_cf7_element bt_bb_cf7_element_required\">\n\t\t\t<p><label>Full name<\/label><br \/>\n<span class=\"wpcf7-form-control-wrap\" data-name=\"your-name\"><input size=\"40\" maxlength=\"400\" class=\"wpcf7-form-control wpcf7-text wpcf7-validates-as-required\" aria-required=\"true\" aria-invalid=\"false\" value=\"\" type=\"text\" name=\"your-name\" \/><\/span>\n\t\t\t<\/p>\n\t\t<\/div>\n\t<\/div>\n\t<div class=\"bt_bb_cf7_row\">\n\t\t<div class=\"bt_bb_cf7_element bt_bb_cf7_element_required\">\n\t\t\t<p><label>Email Address<\/label><br \/>\n<span class=\"wpcf7-form-control-wrap\" data-name=\"your-email\"><input size=\"40\" maxlength=\"400\" class=\"wpcf7-form-control wpcf7-email wpcf7-validates-as-required wpcf7-text wpcf7-validates-as-email\" aria-required=\"true\" aria-invalid=\"false\" value=\"\" type=\"email\" name=\"your-email\" \/><\/span>\n\t\t\t<\/p>\n\t\t<\/div>\n\t<\/div>\n\t<div class=\"bt_bb_cf7_row\">\n\t\t<div class=\"bt_bb_cf7_element\">\n\t\t\t<p><label>What You\u2019d Like To Discuss?<\/label><br \/>\n<span class=\"wpcf7-form-control-wrap\" data-name=\"Project\"><select class=\"wpcf7-form-control wpcf7-select\" aria-invalid=\"false\" name=\"Project\"><option value=\"Services information\">Services information<\/option><option value=\"PM Training B2C\">PM Training B2C<\/option><option value=\"PM Training B2B\">PM Training B2B<\/option><option value=\"PM Consultancy\">Konsulenc\u00eb p\u00ebr Project Managment<\/option><option value=\"PM Staff Leasing\">PM Staff Leasing<\/option><\/select><\/span>\n\t\t\t<\/p>\n\t\t<\/div>\n\t<\/div>\n\t<div class=\"bt_bb_cf7_row\">\n\t\t<div class=\"bt_bb_cf7_element bt_bb_cf7_element_required\">\n\t\t\t<p><label>Message content<\/label><br \/>\n<span class=\"wpcf7-form-control-wrap\" data-name=\"your-message\"><textarea cols=\"40\" rows=\"2\" maxlength=\"2000\" class=\"wpcf7-form-control wpcf7-textarea wpcf7-validates-as-required\" aria-required=\"true\" aria-invalid=\"false\" name=\"your-message\"><\/textarea><\/span>\n\t\t\t<\/p>\n\t\t<\/div>\n\t<\/div>\n\t<div class=\"bt_bb_cf7_button\">\n\t\t<p><input class=\"wpcf7-form-control wpcf7-submit has-spinner\" type=\"submit\" value=\"D\u00ebrgo k\u00ebrkes\u00ebn\" \/>\n\t\t<\/p>\n\t<\/div>\n<\/div><div class=\"wpcf7-response-output\" aria-hidden=\"true\"><\/div>\n<input type=\"hidden\" name=\"trp-form-language\" value=\"sq\"\/><\/form>\n<\/div>\n<\/div><div class=\"bt_bb_separator bt_bb_bottom_spacing_30 bt_bb_border_style_none bt_bb_hidden_xs bt_bb_hidden_ms bt_bb_hidden_sm\" data-bt-override-class=\"null\"><\/div><div class=\"bt_bb_separator bt_bb_bottom_spacing_60 bt_bb_border_style_none\" data-bt-override-class=\"null\"><\/div><\/div><\/div><\/div><div data-bb-version=\"5.0.3\"  class=\"bt_bb_column col-xl-6 col-xs-12 col-sm-6 col-md-6 col-lg-6 about_image bt_bb_align_left bt_bb_vertical_align_top bt_bb_padding_normal bt_bb_order_sm_-1 btLazyLoadBackground bt_bb_column_background_image\" style=\"background-image:url(&#039;https:\/\/pmable.co\/wp-content\/plugins\/bold-page-builder\/img\/blank.gif&#039;);\" data-background_image_src='https:\/\/pmable.co\/wp-content\/uploads\/2025\/04\/wbepma-2.png' data-width=\"6\" data-bt-override-class=\"{&quot;bt_bb_align_&quot;:{&quot;current_class&quot;:&quot;bt_bb_align_left&quot;,&quot;def&quot;:&quot;left&quot;},&quot;bt_bb_padding_&quot;:{&quot;current_class&quot;:&quot;bt_bb_padding_normal&quot;,&quot;def&quot;:&quot;normal&quot;}}\"><div class=\"bt_bb_column_content\"><div class=\"bt_bb_column_content_inner\"><div class=\"bt_bb_separator bt_bb_bottom_spacing_150 bt_bb_border_style_none\" data-bt-override-class=\"null\"><\/div><div class=\"bt_bb_separator bt_bb_bottom_spacing_150 bt_bb_border_style_none\" data-bt-override-class=\"null\"><\/div><div class=\"bt_bb_separator bt_bb_bottom_spacing_150 bt_bb_border_style_none\" data-bt-override-class=\"null\"><\/div><\/div><\/div><\/div><\/div><\/div><\/div><\/div><\/div><\/section><\/p>","protected":false},"excerpt":{"rendered":"","protected":false},"author":1,"featured_media":4103,"parent":0,"menu_order":0,"comment_status":"closed","ping_status":"closed","template":"","meta":{"footnotes":""},"class_list":["post-53","page","type-page","status-publish","has-post-thumbnail","hentry"],"_links":{"self":[{"href":"https:\/\/pmable.co\/sq\/wp-json\/wp\/v2\/pages\/53","targetHints":{"allow":["GET"]}}],"collection":[{"href":"https:\/\/pmable.co\/sq\/wp-json\/wp\/v2\/pages"}],"about":[{"href":"https:\/\/pmable.co\/sq\/wp-json\/wp\/v2\/types\/page"}],"author":[{"embeddable":true,"href":"https:\/\/pmable.co\/sq\/wp-json\/wp\/v2\/users\/1"}],"replies":[{"embeddable":true,"href":"https:\/\/pmable.co\/sq\/wp-json\/wp\/v2\/comments?post=53"}],"version-history":[{"count":0,"href":"https:\/\/pmable.co\/sq\/wp-json\/wp\/v2\/pages\/53\/revisions"}],"wp:featuredmedia":[{"embeddable":true,"href":"https:\/\/pmable.co\/sq\/wp-json\/wp\/v2\/media\/4103"}],"wp:attachment":[{"href":"https:\/\/pmable.co\/sq\/wp-json\/wp\/v2\/media?parent=53"}],"curies":[{"name":"wp","href":"https:\/\/api.w.org\/{rel}","templated":true}]}}