{"id":3182,"date":"2022-09-30T13:23:40","date_gmt":"2022-09-30T11:23:40","guid":{"rendered":"https:\/\/pmable.co\/?page_id=3182"},"modified":"2025-04-18T14:34:46","modified_gmt":"2025-04-18T12:34:46","slug":"staff-leasing","status":"publish","type":"page","link":"https:\/\/pmable.co\/sq\/staff-leasing\/","title":{"rendered":"Staff Leasing"},"content":{"rendered":"<p><section id=\"bt_bb_section69ea549a65c49\" class=\"bt_bb_section bt_bb_layout_boxed_1400 bt_bb_vertical_align_top bt_bb_top_spacing_60 bt_bb_bottom_spacing_60\"   data-bt-override-class=\"null\"><span class=\"bt_bb_overlay\"><\/span><div class=\"bt_bb_port\"><div class=\"bt_bb_cell\"><div class=\"bt_bb_cell_inner\"><div class=\"bt_bb_row  bt_bb_hidden_xs bt_bb_hidden_ms bt_bb_hidden_sm\"  data-bt-override-class=\"{}\"><div class=\"bt_bb_row_holder\" ><div  class=\"bt_bb_column col-xl-12 col-xs-12 col-sm-12 col-md-12 col-lg-12 bt_bb_align_left bt_bb_vertical_align_top bt_bb_padding_normal\"  data-width=\"12\" data-bt-override-class=\"{}\"><div class=\"bt_bb_column_content\"><div class=\"bt_bb_column_content_inner\"><div class=\"bt_bb_separator bt_bb_bottom_spacing_60 bt_bb_border_style_none\" data-bt-override-class=\"null\"><\/div><\/div><\/div><\/div><\/div><\/div><div class=\"bt_bb_row  bt_bb_column_gap_40\" style=\"; --column-gap:40px;\" data-bt-override-class=\"{}\"><div class=\"bt_bb_row_holder\" ><div  class=\"bt_bb_column col-xl-12 col-xs-12 col-sm-12 col-md-12 col-lg-12 bt_bb_align_left bt_bb_vertical_align_middle bt_bb_padding_normal\"  data-width=\"12\" data-bt-override-class=\"{&quot;bt_bb_align_&quot;:{&quot;current_class&quot;:&quot;bt_bb_align_left&quot;,&quot;def&quot;:&quot;left&quot;,&quot;xl&quot;:&quot;left&quot;}}\"><div class=\"bt_bb_column_content\"><div class=\"bt_bb_column_content_inner\"><header class=\"bt_bb_headline bt_bb_font_weight_light bt_bb_dash_none bt_bb_dash_type_line bt_bb_dash_color_accent bt_bb_size_huge bt_bb_align_inherit\" data-bt-override-class=\"{&quot;bt_bb_size_&quot;:{&quot;current_class&quot;:&quot;bt_bb_size_huge&quot;,&quot;def&quot;:&quot;huge&quot;,&quot;xl&quot;:&quot;huge&quot;,&quot;sm&quot;:&quot;extralarge&quot;,&quot;xs&quot;:&quot;extralarge&quot;},&quot;bt_bb_align_&quot;:{&quot;current_class&quot;:&quot;bt_bb_align_inherit&quot;,&quot;def&quot;:&quot;inherit&quot;,&quot;xl&quot;:&quot;inherit&quot;}}\"><h3 class=\"bt_bb_headline_tag bt_bb_line_height_1\"><span class=\"bt_bb_headline_content\"><span >Staff<\/span><\/span><\/h3><\/header><header class=\"bt_bb_headline bt_bb_font_weight_600 bt_bb_dash_none bt_bb_dash_type_line bt_bb_dash_color_accent bt_bb_size_large bt_bb_align_inherit\" data-bt-override-class=\"{&quot;bt_bb_size_&quot;:{&quot;current_class&quot;:&quot;bt_bb_size_large&quot;,&quot;def&quot;:&quot;large&quot;,&quot;xl&quot;:&quot;large&quot;},&quot;bt_bb_align_&quot;:{&quot;current_class&quot;:&quot;bt_bb_align_inherit&quot;,&quot;def&quot;:&quot;inherit&quot;,&quot;xl&quot;:&quot;inherit&quot;}}\"><h2 class=\"bt_bb_headline_tag bt_bb_line_height_1\"><span class=\"bt_bb_headline_content\"><span >Leasing<\/span><\/span><\/h2><\/header><div class=\"bt_bb_separator bt_bb_bottom_spacing_40 bt_bb_border_style_none\" data-bt-override-class=\"null\"><\/div><div  class=\"bt_bb_text\" ><\/p>\n<p style=\"text-align: justify;\">Sh\u00ebrbimi i Staf Leasing, \u00ebsht\u00eb me t\u00eb v\u00ebrtet\u00eb nj\u00eb model biznesi fleksib\u00ebl q\u00eb lejon konfidencialitet t\u00eb lart\u00eb dhe shum\u00eb efektiv nga ana e kostos. Ju mund t\u00eb p\u00ebrdorni pun\u00ebtor\u00eb me Staff Leasing p\u00ebr projekte afatshkurtra dhe afatgjata. PMable ofron nj\u00eb ekip ekspert\u00ebsh t\u00eb gatsh\u00ebm t\u00eb jen\u00eb pjes\u00eb e kompanis\u00eb suaj.<\/p>\n<p style=\"text-align: justify;\">Ekspert\u00ebt tan\u00eb jan\u00eb t\u00eb p\u00ebrkushtuar ndaj suksesit, integrohen pa probleme n\u00eb ekipet tuaja, duke p\u00ebrdorur aft\u00ebsit\u00eb e tyre udh\u00ebheq\u00ebse, p\u00ebrvoj\u00ebn dhe objektivitetin p\u00ebr t\u00eb identifikuar rreziqet dhe grackat dhe p\u00ebr t\u00eb siguruar q\u00eb q\u00ebllimet e projektit tuaj t\u00eb p\u00ebrputhen me strategjin\u00eb e projektit tuaj. Sh\u00ebrbimi i Staf Leasing u lejon partner\u00ebve tan\u00eb t\u00eb shfryt\u00ebzojn\u00eb proceset, teknologjin\u00eb dhe njer\u00ebzit tan\u00eb.<\/p>\n<p>\n<\/div><\/div><\/div><\/div><\/div><\/div><\/div><\/div><\/div><\/section><section id=\"bt_bb_section69ea549a6686e\" class=\"bt_bb_section bt_bb_layout_boxed_1400 bt_bb_vertical_align_top bt_bb_top_spacing_medium bt_bb_bottom_spacing_medium\" style=\";background-color:rgb(15,15,15);\"  data-bt-override-class=\"{&quot;bt_bb_top_spacing_&quot;:{&quot;current_class&quot;:&quot;bt_bb_top_spacing_medium&quot;,&quot;def&quot;:&quot;medium&quot;,&quot;xl&quot;:&quot;medium&quot;},&quot;bt_bb_bottom_spacing_&quot;:{&quot;current_class&quot;:&quot;bt_bb_bottom_spacing_medium&quot;,&quot;def&quot;:&quot;medium&quot;,&quot;xl&quot;:&quot;medium&quot;}}\"><span class=\"bt_bb_overlay\"><\/span><div class=\"bt_bb_port\"><div class=\"bt_bb_cell\"><div class=\"bt_bb_cell_inner\"><div class=\"bt_bb_row  bt_bb_animation_fade_in move_up animate\"  data-bt-override-class=\"{}\"><div class=\"bt_bb_row_holder\" ><div  class=\"bt_bb_column col-xl-12 col-xs-12 col-sm-12 col-md-12 col-lg-12 bt_bb_align_left bt_bb_vertical_align_top bt_bb_padding_normal\"  data-width=\"12\" data-bt-override-class=\"{}\"><div class=\"bt_bb_column_content\"><div class=\"bt_bb_column_content_inner\"><header class=\"bt_bb_headline bt_bb_font_weight_light bt_bb_dash_none bt_bb_dash_type_line bt_bb_dash_color_accent bt_bb_size_huge bt_bb_align_inherit\" data-bt-override-class=\"{&quot;bt_bb_size_&quot;:{&quot;current_class&quot;:&quot;bt_bb_size_huge&quot;,&quot;def&quot;:&quot;huge&quot;,&quot;xl&quot;:&quot;huge&quot;,&quot;sm&quot;:&quot;extralarge&quot;,&quot;xs&quot;:&quot;extralarge&quot;},&quot;bt_bb_align_&quot;:{&quot;current_class&quot;:&quot;bt_bb_align_inherit&quot;,&quot;def&quot;:&quot;inherit&quot;,&quot;xl&quot;:&quot;inherit&quot;}}\"><h3 class=\"bt_bb_headline_tag bt_bb_line_height_1\"><span class=\"bt_bb_headline_content\"><span >VLERAT <\/span><\/span><\/h3><\/header><header class=\"bt_bb_headline bt_bb_font_weight_600 bt_bb_dash_none bt_bb_dash_type_line bt_bb_dash_color_accent bt_bb_size_large bt_bb_align_inherit\" data-bt-override-class=\"{&quot;bt_bb_size_&quot;:{&quot;current_class&quot;:&quot;bt_bb_size_large&quot;,&quot;def&quot;:&quot;large&quot;,&quot;xl&quot;:&quot;large&quot;},&quot;bt_bb_align_&quot;:{&quot;current_class&quot;:&quot;bt_bb_align_inherit&quot;,&quot;def&quot;:&quot;inherit&quot;,&quot;xl&quot;:&quot;inherit&quot;}}\"><h2 class=\"bt_bb_headline_tag bt_bb_line_height_1\"><span class=\"bt_bb_headline_content\"><span >TONA THEMELORE<\/span><\/span><\/h2><\/header><div class=\"bt_bb_separator bt_bb_bottom_spacing_medium bt_bb_border_style_none\" data-bt-override-class=\"null\"><\/div><\/div><\/div><\/div><\/div><\/div><div class=\"bt_bb_row  bt_bb_animation_fade_in move_up animate\"  data-bt-override-class=\"{}\"><div class=\"bt_bb_row_holder\" ><div  class=\"bt_bb_column col-xl-4 col-xs-12 col-sm-12 col-md-12 col-lg-4 bt_bb_align_left bt_bb_vertical_align_top bt_bb_padding_normal\"  data-width=\"4\" data-bt-override-class=\"{&quot;bt_bb_align_&quot;:{&quot;current_class&quot;:&quot;bt_bb_align_left&quot;,&quot;def&quot;:&quot;left&quot;,&quot;xl&quot;:&quot;left&quot;},&quot;bt_bb_padding_&quot;:{&quot;current_class&quot;:&quot;bt_bb_padding_normal&quot;,&quot;def&quot;:&quot;normal&quot;,&quot;xl&quot;:&quot;normal&quot;}}\"><div class=\"bt_bb_column_content\"><div class=\"bt_bb_column_content_inner\"><div class=\"bt_bb_service bt_bb_color_scheme_1 bt_bb_style_borderless bt_bb_icon_padding_regular bt_bb_font_weight_thin bt_bb_size_headline_inherit bt_bb_size_extralarge bt_bb_shape_soft_rounded bt_bb_align_inherit\" style=\"; --service-primary-color:#ffffff; --service-secondary-color:#191919;\" data-bt-override-class=\"{&quot;bt_bb_size_&quot;:{&quot;current_class&quot;:&quot;bt_bb_size_extralarge&quot;,&quot;def&quot;:&quot;extralarge&quot;,&quot;xl&quot;:&quot;extralarge&quot;},&quot;bt_bb_align_&quot;:{&quot;current_class&quot;:&quot;bt_bb_align_inherit&quot;,&quot;def&quot;:&quot;inherit&quot;,&quot;xl&quot;:&quot;inherit&quot;}}\"><a href=\"#\"  target=\"_self\"  title=\"Profesionaliz\u00ebm\"  data-ico-productivity=\"&#xf126;\" class=\"bt_bb_icon_holder\"><\/a><div class=\"bt_bb_service_content\"><div class=\"bt_bb_service_content_title\"><a href=\"#\" target=\"_self\">Profesionaliz\u00ebm<\/a><\/div><div class=\"bt_bb_service_content_text\">Ekipi yn\u00eb \u00ebsht\u00eb i p\u00ebrb\u00ebr nga profesionist\u00eb q\u00eb i kuptojn\u00eb plot\u00ebsisht sfidat e bot\u00ebs aktuale n\u00eb ndryshim t\u00eb biznesit.<\/div><\/div><\/div><div class=\"bt_bb_separator bt_bb_bottom_spacing_30 bt_bb_border_style_none bt_bb_hidden_md bt_bb_hidden_lg\" data-bt-override-class=\"null\"><\/div><\/div><\/div><\/div><div  class=\"bt_bb_column col-xl-4 col-xs-12 col-sm-12 col-md-12 col-lg-4 bt_bb_align_left bt_bb_vertical_align_top bt_bb_padding_normal\"  data-width=\"4\" data-bt-override-class=\"{&quot;bt_bb_align_&quot;:{&quot;current_class&quot;:&quot;bt_bb_align_left&quot;,&quot;def&quot;:&quot;left&quot;,&quot;xl&quot;:&quot;left&quot;}}\"><div class=\"bt_bb_column_content\"><div class=\"bt_bb_column_content_inner\"><div class=\"bt_bb_service bt_bb_color_scheme_1 bt_bb_style_borderless bt_bb_icon_padding_regular bt_bb_font_weight_thin bt_bb_size_headline_inherit bt_bb_size_extralarge bt_bb_shape_square bt_bb_align_inherit\" style=\"; --service-primary-color:#ffffff; --service-secondary-color:#191919;\" data-bt-override-class=\"{&quot;bt_bb_size_&quot;:{&quot;current_class&quot;:&quot;bt_bb_size_extralarge&quot;,&quot;def&quot;:&quot;extralarge&quot;,&quot;xl&quot;:&quot;extralarge&quot;},&quot;bt_bb_align_&quot;:{&quot;current_class&quot;:&quot;bt_bb_align_inherit&quot;,&quot;def&quot;:&quot;inherit&quot;,&quot;xl&quot;:&quot;inherit&quot;}}\"><a href=\"#\"  target=\"_self\"  title=\"Angazhim\"  data-ico-ad-astra-regular=\"&#xe914;\" class=\"bt_bb_icon_holder\"><\/a><div class=\"bt_bb_service_content\"><div class=\"bt_bb_service_content_title\"><a href=\"#\" target=\"_self\">Angazhim<\/a><\/div><div class=\"bt_bb_service_content_text\">Konsulent\u00ebt tan\u00eb jan\u00eb t\u00eb p\u00ebrkushtuar ndaj suksesit, integrohen pa probleme n\u00eb ekipet tuaja, duke p\u00ebrdorur aft\u00ebsit\u00eb e tyre udh\u00ebheq\u00ebse.<\/div><\/div><\/div><div class=\"bt_bb_separator bt_bb_bottom_spacing_30 bt_bb_border_style_none bt_bb_hidden_md bt_bb_hidden_lg\" data-bt-override-class=\"null\"><\/div><\/div><\/div><\/div><div  class=\"bt_bb_column col-xl-4 col-xs-12 col-sm-12 col-md-12 col-lg-4 bt_bb_align_left bt_bb_vertical_align_top bt_bb_padding_normal\"  data-width=\"4\" data-bt-override-class=\"{&quot;bt_bb_align_&quot;:{&quot;current_class&quot;:&quot;bt_bb_align_left&quot;,&quot;def&quot;:&quot;left&quot;,&quot;xl&quot;:&quot;left&quot;}}\"><div class=\"bt_bb_column_content\"><div class=\"bt_bb_column_content_inner\"><div class=\"bt_bb_service bt_bb_color_scheme_1 bt_bb_style_borderless bt_bb_icon_padding_regular bt_bb_font_weight_thin bt_bb_size_headline_inherit bt_bb_size_extralarge bt_bb_shape_square bt_bb_align_inherit\" style=\"; --service-primary-color:#ffffff; --service-secondary-color:#191919;\" data-bt-override-class=\"{&quot;bt_bb_size_&quot;:{&quot;current_class&quot;:&quot;bt_bb_size_extralarge&quot;,&quot;def&quot;:&quot;extralarge&quot;,&quot;xl&quot;:&quot;extralarge&quot;},&quot;bt_bb_align_&quot;:{&quot;current_class&quot;:&quot;bt_bb_align_inherit&quot;,&quot;def&quot;:&quot;inherit&quot;,&quot;xl&quot;:&quot;inherit&quot;}}\"><a href=\"#\"  target=\"_self\"  title=\"P\u00ebrsosm\u00ebri operacionale\"  data-ico-ad-astra-regular=\"&#xe9a1;\" class=\"bt_bb_icon_holder\"><\/a><div class=\"bt_bb_service_content\"><div class=\"bt_bb_service_content_title\"><a href=\"#\" target=\"_self\">P\u00ebrsosm\u00ebri operacionale<\/a><\/div><div class=\"bt_bb_service_content_text\">Ne kemi p\u00ebrvoj\u00eb t\u00eb larmishme n\u00eb industri p\u00ebr t\u00eb sjell\u00eb kombinimin e duhur t\u00eb njohurive p\u00ebr t'u ofruar t\u00eb gjith\u00eb klient\u00ebve tan\u00eb rezultate t\u00eb suksesshme.<\/div><\/div><\/div><div class=\"bt_bb_separator bt_bb_bottom_spacing_30 bt_bb_border_style_none bt_bb_hidden_md bt_bb_hidden_lg\" data-bt-override-class=\"null\"><\/div><\/div><\/div><\/div><\/div><\/div><div class=\"bt_bb_row\"  data-bt-override-class=\"{}\"><div class=\"bt_bb_row_holder\" ><div  class=\"bt_bb_column col-xl-12 col-xs-12 col-sm-12 col-md-12 col-lg-12 bt_bb_align_left bt_bb_vertical_align_top bt_bb_padding_normal\"  data-width=\"12\" data-bt-override-class=\"{}\"><div class=\"bt_bb_column_content\"><div class=\"bt_bb_column_content_inner\"><div class=\"bt_bb_separator bt_bb_bottom_spacing_60 bt_bb_border_style_none bt_bb_hidden_xs bt_bb_hidden_ms bt_bb_hidden_sm\" data-bt-override-class=\"null\"><\/div><\/div><\/div><\/div><\/div><\/div><div class=\"bt_bb_row  bt_bb_animation_fade_in move_up animate\"  data-bt-override-class=\"{}\"><div class=\"bt_bb_row_holder\" ><div  class=\"bt_bb_column col-xl-4 col-xs-12 col-sm-12 col-md-12 col-lg-4 bt_bb_align_left bt_bb_vertical_align_top bt_bb_padding_normal\"  data-width=\"4\" data-bt-override-class=\"{&quot;bt_bb_align_&quot;:{&quot;current_class&quot;:&quot;bt_bb_align_left&quot;,&quot;def&quot;:&quot;left&quot;,&quot;xl&quot;:&quot;left&quot;}}\"><div class=\"bt_bb_column_content\"><div class=\"bt_bb_column_content_inner\"><div class=\"bt_bb_service bt_bb_color_scheme_1 bt_bb_style_borderless bt_bb_icon_padding_regular bt_bb_font_weight_thin bt_bb_size_headline_inherit bt_bb_size_extralarge bt_bb_shape_square bt_bb_align_inherit\" style=\"; --service-primary-color:#ffffff; --service-secondary-color:#191919;\" data-bt-override-class=\"{&quot;bt_bb_size_&quot;:{&quot;current_class&quot;:&quot;bt_bb_size_extralarge&quot;,&quot;def&quot;:&quot;extralarge&quot;,&quot;xl&quot;:&quot;extralarge&quot;},&quot;bt_bb_align_&quot;:{&quot;current_class&quot;:&quot;bt_bb_align_inherit&quot;,&quot;def&quot;:&quot;inherit&quot;,&quot;xl&quot;:&quot;inherit&quot;}}\"><a href=\"#\"  target=\"_self\"  title=\"T\u00eb orientuar drejt q\u00ebllimeve\"  data-ico-ad-astra-regular=\"&#xe9aa;\" class=\"bt_bb_icon_holder\"><\/a><div class=\"bt_bb_service_content\"><div class=\"bt_bb_service_content_title\"><a href=\"#\" target=\"_self\">T\u00eb orientuar drejt q\u00ebllimeve<\/a><\/div><div class=\"bt_bb_service_content_text\">Ne ju ndihmojm\u00eb t\u00eb zbatoni planin, strategjin dhe sinergji e t\u00eb gjith\u00eb punonj\u00ebsve p\u00ebr t\u00eb arritur q\u00ebllimet e projektit tuaj shpejt dhe me efikasitet.<\/div><\/div><\/div><div class=\"bt_bb_separator bt_bb_bottom_spacing_30 bt_bb_border_style_none bt_bb_hidden_md bt_bb_hidden_lg\" data-bt-override-class=\"null\"><\/div><\/div><\/div><\/div><div  class=\"bt_bb_column col-xl-4 col-xs-12 col-sm-12 col-md-12 col-lg-4 bt_bb_align_left bt_bb_vertical_align_top bt_bb_padding_normal\"  data-width=\"4\" data-bt-override-class=\"{&quot;bt_bb_align_&quot;:{&quot;current_class&quot;:&quot;bt_bb_align_left&quot;,&quot;def&quot;:&quot;left&quot;,&quot;xl&quot;:&quot;left&quot;}}\"><div class=\"bt_bb_column_content\"><div class=\"bt_bb_column_content_inner\"><div class=\"bt_bb_service bt_bb_color_scheme_1 bt_bb_style_borderless bt_bb_icon_padding_regular bt_bb_font_weight_thin bt_bb_size_headline_inherit bt_bb_size_extralarge bt_bb_shape_square bt_bb_align_inherit\" style=\"; --service-primary-color:#ffffff; --service-secondary-color:#191919;\" data-bt-override-class=\"{&quot;bt_bb_size_&quot;:{&quot;current_class&quot;:&quot;bt_bb_size_extralarge&quot;,&quot;def&quot;:&quot;extralarge&quot;,&quot;xl&quot;:&quot;extralarge&quot;},&quot;bt_bb_align_&quot;:{&quot;current_class&quot;:&quot;bt_bb_align_inherit&quot;,&quot;def&quot;:&quot;inherit&quot;,&quot;xl&quot;:&quot;inherit&quot;}}\"><a href=\"#\"  target=\"_self\"  title=\"P\u00ebrgjegj\u00ebsia\"  data-ico-ad-astra-regular=\"&#xe9af;\" class=\"bt_bb_icon_holder\"><\/a><div class=\"bt_bb_service_content\"><div class=\"bt_bb_service_content_title\"><a href=\"#\" target=\"_self\">P\u00ebrgjegj\u00ebsia<\/a><\/div><div class=\"bt_bb_service_content_text\">Ne kemi aft\u00ebsin\u00eb dhe p\u00ebrgjegj\u00ebsin\u00eb unike p\u00ebr t\u00eb ofruar zgjidhje konsulence p\u00ebr PM p\u00ebr t\u00eb arritur nivele m\u00eb t\u00eb larta.<\/div><\/div><\/div><div class=\"bt_bb_separator bt_bb_bottom_spacing_30 bt_bb_border_style_none bt_bb_hidden_md bt_bb_hidden_lg\" data-bt-override-class=\"null\"><\/div><\/div><\/div><\/div><div  class=\"bt_bb_column col-xl-4 col-xs-12 col-sm-12 col-md-12 col-lg-4 bt_bb_align_left bt_bb_vertical_align_top bt_bb_padding_normal\"  data-width=\"4\" data-bt-override-class=\"{&quot;bt_bb_align_&quot;:{&quot;current_class&quot;:&quot;bt_bb_align_left&quot;,&quot;def&quot;:&quot;left&quot;,&quot;xl&quot;:&quot;left&quot;}}\"><div class=\"bt_bb_column_content\"><div class=\"bt_bb_column_content_inner\"><div class=\"bt_bb_service bt_bb_color_scheme_1 bt_bb_style_borderless bt_bb_icon_padding_regular bt_bb_font_weight_thin bt_bb_size_headline_inherit bt_bb_size_extralarge bt_bb_shape_square bt_bb_align_inherit\" style=\"; --service-primary-color:#ffffff; --service-secondary-color:#191919;\" data-bt-override-class=\"{&quot;bt_bb_size_&quot;:{&quot;current_class&quot;:&quot;bt_bb_size_extralarge&quot;,&quot;def&quot;:&quot;extralarge&quot;,&quot;xl&quot;:&quot;extralarge&quot;},&quot;bt_bb_align_&quot;:{&quot;current_class&quot;:&quot;bt_bb_align_inherit&quot;,&quot;def&quot;:&quot;inherit&quot;,&quot;xl&quot;:&quot;inherit&quot;}}\"><a href=\"#\"  target=\"_self\"  title=\"Integriteti\"  data-ico-ad-astra-regular=\"&#xe97f;\" class=\"bt_bb_icon_holder\"><\/a><div class=\"bt_bb_service_content\"><div class=\"bt_bb_service_content_title\"><a href=\"#\" target=\"_self\">Integriteti<\/a><\/div><div class=\"bt_bb_service_content_text\">Ne kemi qasjen dhe integritetin q\u00eb strategjit\u00eb themelore t\u00eb informacionit do t\u00eb mbeten vet\u00ebm n\u00eb dispozicionin tuaj.<\/div><\/div><\/div><div class=\"bt_bb_separator bt_bb_bottom_spacing_30 bt_bb_border_style_none bt_bb_hidden_md bt_bb_hidden_lg\" data-bt-override-class=\"null\"><\/div><\/div><\/div><\/div><\/div><\/div><\/div><\/div><\/div><\/section><section id=\"bt_bb_section69ea549a68967\" class=\"bt_bb_section bt_bb_color_scheme_1 bt_bb_layout_boxed_800 bt_bb_vertical_align_top bt_bb_top_spacing_ bt_bb_bottom_spacing_\" style=\"; --section-primary-color:#ffffff; --section-secondary-color:#191919;;background-color:rgb(255,255,255);\"  data-bt-override-class=\"{&quot;bt_bb_top_spacing_&quot;:{&quot;current_class&quot;:&quot;bt_bb_top_spacing_&quot;,&quot;def&quot;:&quot;&quot;,&quot;xl&quot;:&quot;&quot;},&quot;bt_bb_bottom_spacing_&quot;:{&quot;current_class&quot;:&quot;bt_bb_bottom_spacing_&quot;,&quot;def&quot;:&quot;&quot;,&quot;xl&quot;:&quot;&quot;}}\"><span class=\"bt_bb_overlay\"><\/span><div class=\"bt_bb_background_image_holder_wrapper\"><div class=\"bt_bb_background_image_holder btLazyLoadBackground\"  data-background_image_src=\"https:\/\/pmable.co\/wp-content\/uploads\/2022\/09\/pmable.co_action_cover2.jpg\" style=\" background-image: url(&#039;https:\/\/pmable.co\/wp-content\/plugins\/bold-page-builder\/img\/blank.gif&#039;);\"><\/div><\/div><div class=\"bt_bb_port\"><div class=\"bt_bb_cell\"><div class=\"bt_bb_cell_inner\"><div class=\"bt_bb_row  bt_bb_column_gap_0 bt_bb_animation_fade_in zoom_out animate\" style=\"; --column-gap:0px;\" data-bt-override-class=\"{}\"><div class=\"bt_bb_row_holder\" ><div  class=\"bt_bb_column col-xl-12 col-xs-12 col-sm-12 col-md-12 col-lg-12 bt_bb_align_center bt_bb_vertical_align_top bt_bb_padding_normal\"  data-width=\"12\" data-bt-override-class=\"{&quot;bt_bb_align_&quot;:{&quot;current_class&quot;:&quot;bt_bb_align_center&quot;,&quot;def&quot;:&quot;center&quot;,&quot;xl&quot;:&quot;center&quot;}}\"><div class=\"bt_bb_column_content\"><div class=\"bt_bb_column_content_inner\"><div class=\"bt_bb_separator bt_bb_bottom_spacing_50 bt_bb_border_style_none bt_bb_hidden_xs bt_bb_hidden_ms bt_bb_hidden_sm\" data-bt-override-class=\"null\"><\/div><div class=\"bt_bb_separator bt_bb_bottom_spacing_50 bt_bb_border_style_none\" data-bt-override-class=\"null\"><\/div><header class=\"bt_bb_headline bt_bb_font_weight_light bt_bb_dash_none bt_bb_dash_type_line bt_bb_dash_color_accent bt_bb_size_extralarge bt_bb_subheadline bt_bb_align_inherit\" data-bt-override-class=\"{&quot;bt_bb_size_&quot;:{&quot;current_class&quot;:&quot;bt_bb_size_extralarge&quot;,&quot;def&quot;:&quot;extralarge&quot;,&quot;xl&quot;:&quot;extralarge&quot;},&quot;bt_bb_align_&quot;:{&quot;current_class&quot;:&quot;bt_bb_align_inherit&quot;,&quot;def&quot;:&quot;inherit&quot;,&quot;xl&quot;:&quot;inherit&quot;}}\"><h3 class=\"bt_bb_headline_tag bt_bb_line_height_1 translation-block\"><span class=\"bt_bb_headline content\"><span>Gjithmon\u00eb\n<strong>Pran\u00eb jush<\/strong><\/span><\/span><\/h3><div class=\"bt_bb_headline_subheadline\">PMable nuk konsiston vet\u00ebm n\u00eb dh\u00ebnien e nj\u00eb plani. Ne ju ndihmojm\u00eb t\u00eb zbatoni at\u00eb plan, strategji me sinergji q\u00eb t\u00eb gjith\u00eb punonj\u00ebsit t\u00eb arrijn\u00eb q\u00ebllimet e projektit tuaj shpejt dhe me efikasitet.<\/div><\/header><div class=\"bt_bb_separator bt_bb_bottom_spacing_30 bt_bb_border_style_none\" data-bt-override-class=\"null\"><\/div><div class=\"bt_bb_button bt_bb_color_scheme_5 bt_bb_icon_position_left bt_bb_style_filled bt_bb_size_normal bt_bb_width_inline bt_bb_shape_soft_rounded bt_bb_target_self bt_bb_align_inherit bt_bb_icon_size_larger\" style=\"; --primary-color:#191919; --secondary-color:#ffffff;\" data-bt-override-class=\"{&quot;bt_bb_size_&quot;:{&quot;current_class&quot;:&quot;bt_bb_size_normal&quot;,&quot;def&quot;:&quot;normal&quot;,&quot;xl&quot;:&quot;normal&quot;},&quot;bt_bb_align_&quot;:{&quot;current_class&quot;:&quot;bt_bb_align_inherit&quot;,&quot;def&quot;:&quot;inherit&quot;,&quot;xl&quot;:&quot;inherit&quot;}}\"><a href=\"mailto:info@pmable.co\" target=\"_self\" class=\"bt_bb_link\" title=\"Rezervoni nj\u00eb Konsultim Falas\"><span class=\"bt_bb_button_text\" >Rezervoni nj\u00eb Konsultim Falas<\/span><span  data-ico-fontawesome=\"&#xf178;\" class=\"bt_bb_icon_holder\"><\/span><\/a><\/div><div class=\"bt_bb_separator bt_bb_bottom_spacing_50 bt_bb_border_style_none\" data-bt-override-class=\"null\"><\/div><div class=\"bt_bb_separator bt_bb_bottom_spacing_50 bt_bb_border_style_none bt_bb_hidden_xs bt_bb_hidden_ms bt_bb_hidden_sm\" data-bt-override-class=\"null\"><\/div><\/div><\/div><\/div><\/div><\/div><\/div><\/div><\/div><\/section><\/p>","protected":false},"excerpt":{"rendered":"","protected":false},"author":1,"featured_media":4279,"parent":0,"menu_order":0,"comment_status":"closed","ping_status":"closed","template":"","meta":{"footnotes":""},"class_list":["post-3182","page","type-page","status-publish","has-post-thumbnail","hentry"],"_links":{"self":[{"href":"https:\/\/pmable.co\/sq\/wp-json\/wp\/v2\/pages\/3182","targetHints":{"allow":["GET"]}}],"collection":[{"href":"https:\/\/pmable.co\/sq\/wp-json\/wp\/v2\/pages"}],"about":[{"href":"https:\/\/pmable.co\/sq\/wp-json\/wp\/v2\/types\/page"}],"author":[{"embeddable":true,"href":"https:\/\/pmable.co\/sq\/wp-json\/wp\/v2\/users\/1"}],"replies":[{"embeddable":true,"href":"https:\/\/pmable.co\/sq\/wp-json\/wp\/v2\/comments?post=3182"}],"version-history":[{"count":0,"href":"https:\/\/pmable.co\/sq\/wp-json\/wp\/v2\/pages\/3182\/revisions"}],"wp:featuredmedia":[{"embeddable":true,"href":"https:\/\/pmable.co\/sq\/wp-json\/wp\/v2\/media\/4279"}],"wp:attachment":[{"href":"https:\/\/pmable.co\/sq\/wp-json\/wp\/v2\/media?parent=3182"}],"curies":[{"name":"wp","href":"https:\/\/api.w.org\/{rel}","templated":true}]}}